{"id":129,"date":"2023-09-28T14:42:46","date_gmt":"2023-09-28T12:42:46","guid":{"rendered":"https:\/\/agromex.pl\/?page_id=129"},"modified":"2023-11-24T13:03:32","modified_gmt":"2023-11-24T12:03:32","slug":"zrownowazony-rozwoj-ekologia","status":"publish","type":"page","link":"https:\/\/agromex.pl\/en\/sustainability\/","title":{"rendered":"Sustainability"},"content":{"rendered":"<div class=\"wpb-content-wrapper\"><p>[vc_row el_class=&#8221;scrollable-section grid-gap-120&#8243; el_id=&#8221;1&#8243;][vc_column width=&#8221;1\/2&#8243; el_class=&#8221;position-sticky&#8221;][vc_custom_heading text=&#8221;Sustainability policy&#8221; use_theme_fonts=&#8221;yes&#8221; el_class=&#8221;h3 d-md-none&#8221;][vc_single_image image=&#8221;485&#8243; img_size=&#8221;full&#8221;][\/vc_column][vc_column width=&#8221;1\/2&#8243; el_class=&#8221;history-section&#8221;][vc_row_inner][vc_column_inner][vc_custom_heading text=&#8221;Sustainability policy&#8221; use_theme_fonts=&#8221;yes&#8221; el_class=&#8221;h3 d-none d-md-block&#8221;][vc_column_text]In 1987, the WCED (World Commission on Environment and Development) prepared a report entitled &amp;ldquo;Our common future.&amp;rdquo; The main thesis of the report is that the needs of the present generation can be met without compromising the opportunities of future generations to meet them. The mentioned report introduced the concept of &#8220;sustainable development&#8221;. Actions consistent with this approach are beneficial both for the environment and society, but also for the company that has decided to implement a sustainable development policy.<\/p>\n<p>Our company, acting in accordance with the idea of sustainable development, has implemented numerous solutions aimed at reducing the negative impact of our work on the environment.[\/vc_column_text][\/vc_column_inner][\/vc_row_inner][\/vc_column][\/vc_row][vc_row el_class=&#8221;scrollable-section grid-gap-120&#8243; el_id=&#8221;2&#8243;][vc_column width=&#8221;1\/2&#8243; el_class=&#8221;position-sticky&#8221;][vc_custom_heading text=&#8221;Zero-emission fuel &#8211; bio-LNG&#8221; use_theme_fonts=&#8221;yes&#8221; el_class=&#8221;h3 d-md-none&#8221;][vc_single_image image=&#8221;486&#8243; img_size=&#8221;full&#8221;][\/vc_column][vc_column width=&#8221;1\/2&#8243; el_class=&#8221;history-section&#8221;][vc_row_inner][vc_column_inner][vc_custom_heading text=&#8221;Zero-emission fuel &#8211; bio-LNG&#8221; use_theme_fonts=&#8221;yes&#8221; el_class=&#8221;h3 d-none d-md-block&#8221;][vc_column_text]Our vehicles are powered by zero-emission fuel \u2013 bio-LNG.<\/p>\n<p>Bio-LNG is an alternative fuel to diesel and standard LNG.<\/p>\n<p>Standard LNG (Liquid Natural Gas) is a fossil fuel, a mixture of light hydrocarbons, consisting mainly of methane (95%), which, to put it simply, is cooled to a temperature of at least -120oC after extraction and liquefied.<\/p>\n<p>Bio-LNG, in turn, is a fuel that is produced as a result of microbiological decomposition of various types of organic waste, including agricultural, municipal and industrial waste. In the process of anaerobic fermentation of processed waste, biogas is released, the main components of which are methane (CH4) and carbon dioxide (CO2). The methane is then separated and, in a complicated process, cooled and liquefied, which increases the energy density 600 times.[\/vc_column_text][vc_single_image image=&#8221;644&#8243; img_size=&#8221;full&#8221; alignment=&#8221;center&#8221;][vc_single_image image=&#8221;645&#8243; img_size=&#8221;full&#8221; alignment=&#8221;center&#8221;][vc_column_text]Bio-LNG, unlike standard LNG or diesel, is not a fossil fuel. Its use has a huge impact on reducing greenhouse gas (GHG) emissions, in particular CO2. Depending on the engine technology, the GHG emission reduction ranges between -10% and -20% in favor of LNG.<\/p>\n<p>The use of 100% bio-LNG, especially produced from slurry, results in a negative greenhouse gas emission balance. This means that, using the WTW* calculation method, the use of a truck not only does not increase CO2 emissions, but actually reduces them. This is possible thanks to the appropriate biomethane production technology, during which CO2 is separated from methane and liquefied, and then used in industry as biogenic CO2, replacing CO2 from fossil sources.<\/p>\n<p>* Well-to-Wheel &amp;ndash; CO2e emissions from the source, including driving, include fuel production and combustion while driving.[\/vc_column_text][\/vc_column_inner][\/vc_row_inner][\/vc_column][\/vc_row][vc_row el_class=&#8221;scrollable-section grid-gap-120&#8243; el_id=&#8221;3&#8243;][vc_column width=&#8221;1\/2&#8243; el_class=&#8221;position-sticky&#8221;][vc_custom_heading text=&#8221;Intermodal transport&#8221; use_theme_fonts=&#8221;yes&#8221; el_class=&#8221;h3 d-md-none&#8221;][vc_single_image image=&#8221;665&#8243; img_size=&#8221;full&#8221;][\/vc_column][vc_column width=&#8221;1\/2&#8243; el_class=&#8221;history-section&#8221;][vc_row_inner][vc_column_inner][vc_custom_heading text=&#8221;Intermodal transport&#8221; use_theme_fonts=&#8221;yes&#8221; el_class=&#8221;h3 d-none d-md-block&#8221;][vc_column_text]A type of transport where more than one mode of transport is used to move cargo, but the loading unit remains the same, so there is no reloading.<\/p>\n<p>Intermodal road-rail transport is an environmentally friendly solution because 1 intermodal train equals approximately 40 trucks. Apart from the initial (first mile) and final (last mile) sections, the transport on the actual section is carried out by rail. According to our data, this method of transport allows for reducing CO2e emissions (TTW) by over 47% (road + rail combined, over long distances).[\/vc_column_text][vc_single_image image=&#8221;646&#8243; img_size=&#8221;full&#8221; alignment=&#8221;center&#8221;][vc_column_text]Agromex has a fleet of Mega curtainsider trailers (3.0 m internal height) huckepack type. These are semi-trailers adapted for transport by rail and Ro-Ro ship. They are characterized by a reinforced frame and have an air suspension that allows the semi-trailer to be lifted by a crane during loading onto a railway wagon.[\/vc_column_text][\/vc_column_inner][\/vc_row_inner][\/vc_column][\/vc_row][vc_row equal_height=&#8221;yes&#8221; el_class=&#8221;scrollable-section grid-gap-120&#8243; el_id=&#8221;4&#8243;][vc_column width=&#8221;1\/2&#8243; el_class=&#8221;position-sticky&#8221;][vc_custom_heading text=&#8221;Green energy for the company&#8221; use_theme_fonts=&#8221;yes&#8221; el_class=&#8221;h3 d-md-none&#8221;][vc_single_image image=&#8221;489&#8243; img_size=&#8221;full&#8221;][\/vc_column][vc_column width=&#8221;1\/2&#8243; el_class=&#8221;history-section&#8221;][vc_row_inner][vc_column_inner][vc_custom_heading text=&#8221;Green energy for the company&#8221; use_theme_fonts=&#8221;yes&#8221; el_class=&#8221;h3 d-none d-md-block&#8221;][vc_column_text]Our company is not only about transport, we also provide services for other transport companies. This is an activity that consumes large amounts of energy. In order to minimize our carbon footprint, we decided in 2019 to install photovoltaic panels, which fully cover the demand for electricity generated by the service center and the truck wash.[\/vc_column_text][\/vc_column_inner][\/vc_row_inner][\/vc_column][\/vc_row]<\/p>\n<\/div>","protected":false},"excerpt":{"rendered":"<p>[vc_row el_class=&#8221;scrollable-section grid-gap-120&#8243; el_id=&#8221;1&#8243;][vc_column width=&#8221;1\/2&#8243; el_class=&#8221;position-sticky&#8221;][vc_custom_heading text=&#8221;Sustainability policy&#8221; use_theme_fonts=&#8221;yes&#8221; el_class=&#8221;h3 d-md-none&#8221;][vc_single_image image=&#8221;485&#8243; img_size=&#8221;full&#8221;][\/vc_column][vc_column width=&#8221;1\/2&#8243; el_class=&#8221;history-section&#8221;][vc_row_inner][vc_column_inner][vc_custom_heading text=&#8221;Sustainability policy&#8221; use_theme_fonts=&#8221;yes&#8221; el_class=&#8221;h3 d-none&#8230;<\/p>\n<p><a class=\"btn btn-secondary understrap-read-more-link\" href=\"https:\/\/agromex.pl\/en\/sustainability\/\">Read More<span class=\"screen-reader-text\"> from Sustainability<\/span><\/a><\/p>\n","protected":false},"author":1,"featured_media":483,"parent":0,"menu_order":0,"comment_status":"closed","ping_status":"closed","template":"","meta":{"inline_featured_image":false,"_monsterinsights_skip_tracking":false,"_monsterinsights_sitenote_active":false,"_monsterinsights_sitenote_note":"","_monsterinsights_sitenote_category":0,"footnotes":""},"class_list":["post-129","page","type-page","status-publish","has-post-thumbnail","hentry"],"translation":{"provider":"WPGlobus","version":"3.0.0","language":"en","enabled_languages":["pl","en"],"languages":{"pl":{"title":true,"content":true,"excerpt":false},"en":{"title":true,"content":true,"excerpt":false}}},"yoast_head":"<!-- This site is optimized with the Yoast SEO plugin v23.9 - https:\/\/yoast.com\/wordpress\/plugins\/seo\/ -->\n<title>Sustainability - Agromex<\/title>\n<meta name=\"robots\" content=\"index, follow, max-snippet:-1, max-image-preview:large, max-video-preview:-1\" \/>\n<link rel=\"canonical\" href=\"https:\/\/agromex.pl\/zrownowazony-rozwoj-ekologia\/\" \/>\n<meta property=\"og:locale\" content=\"en_US\" \/>\n<meta property=\"og:type\" content=\"article\" \/>\n<meta property=\"og:title\" content=\"Sustainability - Agromex\" \/>\n<meta property=\"og:url\" content=\"https:\/\/agromex.pl\/zrownowazony-rozwoj-ekologia\/\" \/>\n<meta property=\"og:site_name\" content=\"Agromex\" \/>\n<meta property=\"article:modified_time\" content=\"2023-11-24T12:03:32+00:00\" \/>\n<meta property=\"og:image\" content=\"https:\/\/agromex.pl\/wp-content\/uploads\/2023\/11\/04-ekologia-naglowkowe.jpg\" \/>\n\t<meta property=\"og:image:width\" content=\"1920\" \/>\n\t<meta property=\"og:image:height\" content=\"1280\" \/>\n\t<meta property=\"og:image:type\" content=\"image\/jpeg\" \/>\n<meta name=\"twitter:card\" content=\"summary_large_image\" \/>\n<meta name=\"twitter:label1\" content=\"Est. reading time\" \/>\n\t<meta name=\"twitter:data1\" content=\"4 minutes\" \/>\n<script type=\"application\/ld+json\" class=\"yoast-schema-graph\">{\"@context\":\"https:\/\/schema.org\",\"@graph\":[{\"@type\":\"WebPage\",\"@id\":\"https:\/\/agromex.pl\/zrownowazony-rozwoj-ekologia\/\",\"url\":\"https:\/\/agromex.pl\/zrownowazony-rozwoj-ekologia\/\",\"name\":\"Sustainability - Agromex\",\"isPartOf\":{\"@id\":\"https:\/\/agromex.pl\/#website\"},\"primaryImageOfPage\":{\"@id\":\"https:\/\/agromex.pl\/zrownowazony-rozwoj-ekologia\/#primaryimage\"},\"image\":{\"@id\":\"https:\/\/agromex.pl\/zrownowazony-rozwoj-ekologia\/#primaryimage\"},\"thumbnailUrl\":\"https:\/\/agromex.pl\/wp-content\/uploads\/2023\/11\/04-ekologia-naglowkowe.jpg\",\"datePublished\":\"2023-09-28T12:42:46+00:00\",\"dateModified\":\"2023-11-24T12:03:32+00:00\",\"breadcrumb\":{\"@id\":\"https:\/\/agromex.pl\/zrownowazony-rozwoj-ekologia\/#breadcrumb\"},\"inLanguage\":\"en-US\",\"potentialAction\":[{\"@type\":\"ReadAction\",\"target\":[\"https:\/\/agromex.pl\/zrownowazony-rozwoj-ekologia\/\"]}]},{\"@type\":\"ImageObject\",\"inLanguage\":\"en-US\",\"@id\":\"https:\/\/agromex.pl\/zrownowazony-rozwoj-ekologia\/#primaryimage\",\"url\":\"https:\/\/agromex.pl\/wp-content\/uploads\/2023\/11\/04-ekologia-naglowkowe.jpg\",\"contentUrl\":\"https:\/\/agromex.pl\/wp-content\/uploads\/2023\/11\/04-ekologia-naglowkowe.jpg\",\"width\":1920,\"height\":1280},{\"@type\":\"BreadcrumbList\",\"@id\":\"https:\/\/agromex.pl\/zrownowazony-rozwoj-ekologia\/#breadcrumb\",\"itemListElement\":[{\"@type\":\"ListItem\",\"position\":1,\"name\":\"Homepage\",\"item\":\"https:\/\/agromex.pl\/\"},{\"@type\":\"ListItem\",\"position\":2,\"name\":\"Zr\u00f3wnowa\u017cony rozw\u00f3j | Ekologia\"}]},{\"@type\":\"WebSite\",\"@id\":\"https:\/\/agromex.pl\/#website\",\"url\":\"https:\/\/agromex.pl\/\",\"name\":\"Agromex\",\"description\":\"\",\"potentialAction\":[{\"@type\":\"SearchAction\",\"target\":{\"@type\":\"EntryPoint\",\"urlTemplate\":\"https:\/\/agromex.pl\/?s={search_term_string}\"},\"query-input\":{\"@type\":\"PropertyValueSpecification\",\"valueRequired\":true,\"valueName\":\"search_term_string\"}}],\"inLanguage\":\"en-US\"}]}<\/script>\n<!-- \/ Yoast SEO plugin. -->","yoast_head_json":{"title":"Sustainability - Agromex","robots":{"index":"index","follow":"follow","max-snippet":"max-snippet:-1","max-image-preview":"max-image-preview:large","max-video-preview":"max-video-preview:-1"},"canonical":"https:\/\/agromex.pl\/zrownowazony-rozwoj-ekologia\/","og_locale":"en_US","og_type":"article","og_title":"Sustainability - Agromex","og_url":"https:\/\/agromex.pl\/zrownowazony-rozwoj-ekologia\/","og_site_name":"Agromex","article_modified_time":"2023-11-24T12:03:32+00:00","og_image":[{"width":1920,"height":1280,"url":"https:\/\/agromex.pl\/wp-content\/uploads\/2023\/11\/04-ekologia-naglowkowe.jpg","type":"image\/jpeg"}],"twitter_card":"summary_large_image","twitter_misc":{"Est. reading time":"4 minutes"},"schema":{"@context":"https:\/\/schema.org","@graph":[{"@type":"WebPage","@id":"https:\/\/agromex.pl\/zrownowazony-rozwoj-ekologia\/","url":"https:\/\/agromex.pl\/zrownowazony-rozwoj-ekologia\/","name":"Sustainability - Agromex","isPartOf":{"@id":"https:\/\/agromex.pl\/#website"},"primaryImageOfPage":{"@id":"https:\/\/agromex.pl\/zrownowazony-rozwoj-ekologia\/#primaryimage"},"image":{"@id":"https:\/\/agromex.pl\/zrownowazony-rozwoj-ekologia\/#primaryimage"},"thumbnailUrl":"https:\/\/agromex.pl\/wp-content\/uploads\/2023\/11\/04-ekologia-naglowkowe.jpg","datePublished":"2023-09-28T12:42:46+00:00","dateModified":"2023-11-24T12:03:32+00:00","breadcrumb":{"@id":"https:\/\/agromex.pl\/zrownowazony-rozwoj-ekologia\/#breadcrumb"},"inLanguage":"en-US","potentialAction":[{"@type":"ReadAction","target":["https:\/\/agromex.pl\/zrownowazony-rozwoj-ekologia\/"]}]},{"@type":"ImageObject","inLanguage":"en-US","@id":"https:\/\/agromex.pl\/zrownowazony-rozwoj-ekologia\/#primaryimage","url":"https:\/\/agromex.pl\/wp-content\/uploads\/2023\/11\/04-ekologia-naglowkowe.jpg","contentUrl":"https:\/\/agromex.pl\/wp-content\/uploads\/2023\/11\/04-ekologia-naglowkowe.jpg","width":1920,"height":1280},{"@type":"BreadcrumbList","@id":"https:\/\/agromex.pl\/zrownowazony-rozwoj-ekologia\/#breadcrumb","itemListElement":[{"@type":"ListItem","position":1,"name":"Homepage","item":"https:\/\/agromex.pl\/"},{"@type":"ListItem","position":2,"name":"Zr\u00f3wnowa\u017cony rozw\u00f3j | Ekologia"}]},{"@type":"WebSite","@id":"https:\/\/agromex.pl\/#website","url":"https:\/\/agromex.pl\/","name":"Agromex","description":"","potentialAction":[{"@type":"SearchAction","target":{"@type":"EntryPoint","urlTemplate":"https:\/\/agromex.pl\/?s={search_term_string}"},"query-input":{"@type":"PropertyValueSpecification","valueRequired":true,"valueName":"search_term_string"}}],"inLanguage":"en-US"}]}},"_links":{"self":[{"href":"https:\/\/agromex.pl\/en\/wp-json\/wp\/v2\/pages\/129","targetHints":{"allow":["GET"]}}],"collection":[{"href":"https:\/\/agromex.pl\/en\/wp-json\/wp\/v2\/pages"}],"about":[{"href":"https:\/\/agromex.pl\/en\/wp-json\/wp\/v2\/types\/page"}],"author":[{"embeddable":true,"href":"https:\/\/agromex.pl\/en\/wp-json\/wp\/v2\/users\/1"}],"replies":[{"embeddable":true,"href":"https:\/\/agromex.pl\/en\/wp-json\/wp\/v2\/comments?post=129"}],"version-history":[{"count":41,"href":"https:\/\/agromex.pl\/en\/wp-json\/wp\/v2\/pages\/129\/revisions"}],"predecessor-version":[{"id":668,"href":"https:\/\/agromex.pl\/en\/wp-json\/wp\/v2\/pages\/129\/revisions\/668"}],"wp:featuredmedia":[{"embeddable":true,"href":"https:\/\/agromex.pl\/en\/wp-json\/wp\/v2\/media\/483"}],"wp:attachment":[{"href":"https:\/\/agromex.pl\/en\/wp-json\/wp\/v2\/media?parent=129"}],"curies":[{"name":"wp","href":"https:\/\/api.w.org\/{rel}","templated":true}]}}