{"id":205,"date":"2023-10-02T11:46:01","date_gmt":"2023-10-02T09:46:01","guid":{"rendered":"https:\/\/agromex.pl\/?page_id=205"},"modified":"2023-11-17T14:27:25","modified_gmt":"2023-11-17T13:27:25","slug":"odpowiedzialnosc-spoleczna","status":"publish","type":"page","link":"https:\/\/agromex.pl\/en\/social-responsibility\/","title":{"rendered":"Social responsibility"},"content":{"rendered":"<div class=\"wpb-content-wrapper\"><p>[vc_row equal_height=&#8221;yes&#8221; content_placement=&#8221;middle&#8221; el_class=&#8221;page-section grid-gap-120&#8243;][vc_column width=&#8221;1\/2&#8243; el_class=&#8221;position-sticky&#8221;][vc_custom_heading text=&#8221;We cooperate with schools&#8221; use_theme_fonts=&#8221;yes&#8221; el_class=&#8221;h3 d-md-none&#8221;][vc_single_image image=&#8221;338&#8243; img_size=&#8221;full&#8221;][\/vc_column][vc_column width=&#8221;1\/2&#8243; el_class=&#8221;page-section-divider&#8221;][vc_custom_heading text=&#8221;We cooperate with schools&#8221; use_theme_fonts=&#8221;yes&#8221; el_class=&#8221;h3 d-none d-md-block&#8221;][vc_column_text]We are active in preparing young people to enter the labor market. That is why we have established cooperation with local secondary schools and committed ourselves to organizing groups of young people for temporary internships, during which young people learn the rules of working in an office and in a team. Additionally, we show them what it is like to work in our industry, in transport and forwarding. This is beneficial to both parties, because interns gain new experience, while our teams receive help with simple office and industry activities.[\/vc_column_text][\/vc_column][\/vc_row][vc_row full_width=&#8221;stretch_row&#8221; equal_height=&#8221;yes&#8221; rtl_reverse=&#8221;yes&#8221; content_placement=&#8221;middle&#8221; el_class=&#8221;page-section grid-gap-120&#8243; css=&#8221;.vc_custom_1696845218617{background-color: #d9d9d9 !important;}&#8221;][vc_column width=&#8221;1\/2&#8243; el_class=&#8221;position-sticky&#8221;][vc_custom_heading text=&#8221;We are involved in local projects&#8221; use_theme_fonts=&#8221;yes&#8221; el_class=&#8221;h3 d-md-none&#8221;][vc_single_image image=&#8221;340&#8243; img_size=&#8221;full&#8221;][\/vc_column][vc_column width=&#8221;1\/2&#8243; el_class=&#8221;page-section-divider&#8221;][vc_custom_heading text=&#8221;We are involved in local projects&#8221; use_theme_fonts=&#8221;yes&#8221; el_class=&#8221;h3 d-none d-md-block&#8221;][vc_column_text]We are a family company that has existed in the same place for over 30 years. We know our closer and more distant neighbors and we want the surroundings to benefit from our presence. That is why we actively cooperate with our friendly Volunteer Fire Department and support local artist groups and associations. We are open to all activities that support social initiatives that are beneficial to the environment in which we operate.[\/vc_column_text][\/vc_column][\/vc_row][vc_row el_class=&#8221;page-section&#8221;][vc_column][vc_custom_heading text=&#8221;Our actions&#8221; use_theme_fonts=&#8221;yes&#8221; el_class=&#8221;h3&#8243;][vc_row_inner][vc_column_inner el_class=&#8221;news-grid-wrapper&#8221;][vc_basic_grid post_type=&#8221;post&#8221; max_items=&#8221;3&#8243; gap=&#8221;15&#8243; item=&#8221;148&#8243; grid_id=&#8221;vc_gid:1700227406843-66c3adc3-ff39-4&#8243; taxonomies=&#8221;12&#8243;][\/vc_column_inner][\/vc_row_inner][\/vc_column][\/vc_row]<\/p>\n<\/div>","protected":false},"excerpt":{"rendered":"<p>[vc_row equal_height=&#8221;yes&#8221; content_placement=&#8221;middle&#8221; el_class=&#8221;page-section grid-gap-120&#8243;][vc_column width=&#8221;1\/2&#8243; el_class=&#8221;position-sticky&#8221;][vc_custom_heading text=&#8221;We cooperate with schools&#8221; use_theme_fonts=&#8221;yes&#8221; el_class=&#8221;h3 d-md-none&#8221;][vc_single_image image=&#8221;338&#8243; img_size=&#8221;full&#8221;][\/vc_column][vc_column width=&#8221;1\/2&#8243; el_class=&#8221;page-section-divider&#8221;][vc_custom_heading text=&#8221;We cooperate&#8230;<\/p>\n<p><a class=\"btn btn-secondary understrap-read-more-link\" href=\"https:\/\/agromex.pl\/en\/social-responsibility\/\">Read More<span class=\"screen-reader-text\"> from Social responsibility<\/span><\/a><\/p>\n","protected":false},"author":1,"featured_media":0,"parent":0,"menu_order":0,"comment_status":"closed","ping_status":"closed","template":"","meta":{"inline_featured_image":false,"_monsterinsights_skip_tracking":false,"_monsterinsights_sitenote_active":false,"_monsterinsights_sitenote_note":"","_monsterinsights_sitenote_category":0,"footnotes":""},"class_list":["post-205","page","type-page","status-publish","hentry"],"translation":{"provider":"WPGlobus","version":"3.0.0","language":"en","enabled_languages":["pl","en"],"languages":{"pl":{"title":true,"content":true,"excerpt":false},"en":{"title":true,"content":true,"excerpt":false}}},"yoast_head":"<!-- This site is optimized with the Yoast SEO plugin v23.9 - https:\/\/yoast.com\/wordpress\/plugins\/seo\/ -->\n<title>Social responsibility - Agromex<\/title>\n<meta name=\"robots\" content=\"index, follow, max-snippet:-1, max-image-preview:large, max-video-preview:-1\" \/>\n<link rel=\"canonical\" href=\"https:\/\/agromex.pl\/odpowiedzialnosc-spoleczna\/\" \/>\n<meta property=\"og:locale\" content=\"en_US\" \/>\n<meta property=\"og:type\" content=\"article\" \/>\n<meta property=\"og:title\" content=\"Social responsibility - Agromex\" \/>\n<meta property=\"og:url\" content=\"https:\/\/agromex.pl\/odpowiedzialnosc-spoleczna\/\" \/>\n<meta property=\"og:site_name\" content=\"Agromex\" \/>\n<meta property=\"article:modified_time\" content=\"2023-11-17T13:27:25+00:00\" \/>\n<meta name=\"twitter:card\" content=\"summary_large_image\" \/>\n<meta name=\"twitter:label1\" content=\"Est. reading time\" \/>\n\t<meta name=\"twitter:data1\" content=\"2 minutes\" \/>\n<script type=\"application\/ld+json\" class=\"yoast-schema-graph\">{\"@context\":\"https:\/\/schema.org\",\"@graph\":[{\"@type\":\"WebPage\",\"@id\":\"https:\/\/agromex.pl\/odpowiedzialnosc-spoleczna\/\",\"url\":\"https:\/\/agromex.pl\/odpowiedzialnosc-spoleczna\/\",\"name\":\"Social responsibility - Agromex\",\"isPartOf\":{\"@id\":\"https:\/\/agromex.pl\/#website\"},\"datePublished\":\"2023-10-02T09:46:01+00:00\",\"dateModified\":\"2023-11-17T13:27:25+00:00\",\"breadcrumb\":{\"@id\":\"https:\/\/agromex.pl\/odpowiedzialnosc-spoleczna\/#breadcrumb\"},\"inLanguage\":\"en-US\",\"potentialAction\":[{\"@type\":\"ReadAction\",\"target\":[\"https:\/\/agromex.pl\/odpowiedzialnosc-spoleczna\/\"]}]},{\"@type\":\"BreadcrumbList\",\"@id\":\"https:\/\/agromex.pl\/odpowiedzialnosc-spoleczna\/#breadcrumb\",\"itemListElement\":[{\"@type\":\"ListItem\",\"position\":1,\"name\":\"Homepage\",\"item\":\"https:\/\/agromex.pl\/\"},{\"@type\":\"ListItem\",\"position\":2,\"name\":\"Odpowiedzialno\u015b\u0107 spo\u0142eczna\"}]},{\"@type\":\"WebSite\",\"@id\":\"https:\/\/agromex.pl\/#website\",\"url\":\"https:\/\/agromex.pl\/\",\"name\":\"Agromex\",\"description\":\"\",\"potentialAction\":[{\"@type\":\"SearchAction\",\"target\":{\"@type\":\"EntryPoint\",\"urlTemplate\":\"https:\/\/agromex.pl\/?s={search_term_string}\"},\"query-input\":{\"@type\":\"PropertyValueSpecification\",\"valueRequired\":true,\"valueName\":\"search_term_string\"}}],\"inLanguage\":\"en-US\"}]}<\/script>\n<!-- \/ Yoast SEO plugin. -->","yoast_head_json":{"title":"Social responsibility - Agromex","robots":{"index":"index","follow":"follow","max-snippet":"max-snippet:-1","max-image-preview":"max-image-preview:large","max-video-preview":"max-video-preview:-1"},"canonical":"https:\/\/agromex.pl\/odpowiedzialnosc-spoleczna\/","og_locale":"en_US","og_type":"article","og_title":"Social responsibility - Agromex","og_url":"https:\/\/agromex.pl\/odpowiedzialnosc-spoleczna\/","og_site_name":"Agromex","article_modified_time":"2023-11-17T13:27:25+00:00","twitter_card":"summary_large_image","twitter_misc":{"Est. reading time":"2 minutes"},"schema":{"@context":"https:\/\/schema.org","@graph":[{"@type":"WebPage","@id":"https:\/\/agromex.pl\/odpowiedzialnosc-spoleczna\/","url":"https:\/\/agromex.pl\/odpowiedzialnosc-spoleczna\/","name":"Social responsibility - Agromex","isPartOf":{"@id":"https:\/\/agromex.pl\/#website"},"datePublished":"2023-10-02T09:46:01+00:00","dateModified":"2023-11-17T13:27:25+00:00","breadcrumb":{"@id":"https:\/\/agromex.pl\/odpowiedzialnosc-spoleczna\/#breadcrumb"},"inLanguage":"en-US","potentialAction":[{"@type":"ReadAction","target":["https:\/\/agromex.pl\/odpowiedzialnosc-spoleczna\/"]}]},{"@type":"BreadcrumbList","@id":"https:\/\/agromex.pl\/odpowiedzialnosc-spoleczna\/#breadcrumb","itemListElement":[{"@type":"ListItem","position":1,"name":"Homepage","item":"https:\/\/agromex.pl\/"},{"@type":"ListItem","position":2,"name":"Odpowiedzialno\u015b\u0107 spo\u0142eczna"}]},{"@type":"WebSite","@id":"https:\/\/agromex.pl\/#website","url":"https:\/\/agromex.pl\/","name":"Agromex","description":"","potentialAction":[{"@type":"SearchAction","target":{"@type":"EntryPoint","urlTemplate":"https:\/\/agromex.pl\/?s={search_term_string}"},"query-input":{"@type":"PropertyValueSpecification","valueRequired":true,"valueName":"search_term_string"}}],"inLanguage":"en-US"}]}},"_links":{"self":[{"href":"https:\/\/agromex.pl\/en\/wp-json\/wp\/v2\/pages\/205","targetHints":{"allow":["GET"]}}],"collection":[{"href":"https:\/\/agromex.pl\/en\/wp-json\/wp\/v2\/pages"}],"about":[{"href":"https:\/\/agromex.pl\/en\/wp-json\/wp\/v2\/types\/page"}],"author":[{"embeddable":true,"href":"https:\/\/agromex.pl\/en\/wp-json\/wp\/v2\/users\/1"}],"replies":[{"embeddable":true,"href":"https:\/\/agromex.pl\/en\/wp-json\/wp\/v2\/comments?post=205"}],"version-history":[{"count":34,"href":"https:\/\/agromex.pl\/en\/wp-json\/wp\/v2\/pages\/205\/revisions"}],"predecessor-version":[{"id":211,"href":"https:\/\/agromex.pl\/en\/wp-json\/wp\/v2\/pages\/205\/revisions\/211"}],"wp:attachment":[{"href":"https:\/\/agromex.pl\/en\/wp-json\/wp\/v2\/media?parent=205"}],"curies":[{"name":"wp","href":"https:\/\/api.w.org\/{rel}","templated":true}]}}