{"id":249,"date":"2023-10-04T16:05:27","date_gmt":"2023-10-04T14:05:27","guid":{"rendered":"https:\/\/agromex.pl\/?page_id=249"},"modified":"2023-11-17T14:45:14","modified_gmt":"2023-11-17T13:45:14","slug":"zarzadzanie-jakoscia","status":"publish","type":"page","link":"https:\/\/agromex.pl\/en\/quality-management\/","title":{"rendered":"Quality management"},"content":{"rendered":"<div class=\"wpb-content-wrapper\"><p>[vc_row el_class=&#8221;page-section grid-gap-120&#8243;][vc_column width=&#8221;1\/2&#8243; el_class=&#8221;position-sticky&#8221;][vc_custom_heading text=&#8221;Compliance with the ISO 9001:2015 standard&#8221; use_theme_fonts=&#8221;yes&#8221; el_class=&#8221;h3 d-md-none&#8221;][vc_single_image image=&#8221;344&#8243; img_size=&#8221;full&#8221;][\/vc_column][vc_column width=&#8221;1\/2&#8243; el_class=&#8221;page-section-divider&#8221;][vc_custom_heading text=&#8221;Compliance with the ISO 9001:2015 standard&#8221; use_theme_fonts=&#8221;yes&#8221; el_class=&#8221;h3 d-none d-md-block&#8221;][vc_column_text]Agromex has developed, implemented and maintained since 2008 a quality management system consistent with the current requirements of the international standard ISO 9001:2015.<\/p>\n<p>Our system is based on 7 main pillars:<\/p>\n<ol>\n<li>Customer orientation.<\/li>\n<li>Leadership.<\/li>\n<li>People involvement.<\/li>\n<li>Process approach.<\/li>\n<li>Continuous improvement.<\/li>\n<li>Making decisions based on facts.<\/li>\n<li>Relationship management.<\/li>\n<\/ol>\n<p>Each of the pillars is equally important to us, as a result of which we have created a business-efficient, operationally effective and customer-friendly quality management system.<\/p>\n<p><strong><a href=\"\/wp-content\/uploads\/2023\/11\/Certyfikat-elektroniczny-ENG.pdf\" target=\"_blank\" rel=\"noopener\">Click here<\/a><\/strong> to see our ISO 9001:2015 certificate.[\/vc_column_text][\/vc_column][\/vc_row][vc_row full_width=&#8221;stretch_row&#8221; rtl_reverse=&#8221;yes&#8221; el_class=&#8221;page-section grid-gap-120&#8243; css=&#8221;.vc_custom_1696429070653{background-color: #d9d9d9 !important;}&#8221;][vc_column width=&#8221;1\/2&#8243; el_class=&#8221;position-sticky&#8221;][vc_custom_heading text=&#8221;KPI calculation and reporting&#8221; use_theme_fonts=&#8221;yes&#8221; el_class=&#8221;h3 d-md-none&#8221;][vc_single_image image=&#8221;342&#8243; img_size=&#8221;full&#8221;][\/vc_column][vc_column width=&#8221;1\/2&#8243; el_class=&#8221;page-section-divider page-section-divider__full-height&#8221;][vc_custom_heading text=&#8221;KPI calculation and reporting&#8221; use_theme_fonts=&#8221;yes&#8221; el_class=&#8221;h3 d-none d-md-block&#8221;][vc_column_text]Key Performance Indicators (KPIs) are numerical data that allow you to assess the effectiveness of a given process by comparing it with historical data or other indicators.<\/p>\n<p>We independently calculate the most important KPIs (e.g. timeliness of operations, reduction of CO2 emissions, correctness of document flow), and we present reports from these analyzes to our clients at their request.<\/p>\n<p>Thanks to the fact that these analyzes are performed on an ongoing basis, we can notice positive or negative changes and take appropriate actions in time.<\/p>\n<p><strong><a href=\"\/wp-content\/uploads\/2023\/11\/sample-KPI-report-CO2.pdf\" target=\"_blank\" rel=\"noopener\">Click here<\/a><\/strong> to see a sample KPI report.[\/vc_column_text][\/vc_column][\/vc_row][vc_row el_class=&#8221;page-section grid-gap-120&#8243;][vc_column width=&#8221;1\/2&#8243; el_class=&#8221;position-sticky&#8221;][vc_custom_heading text=&#8221;Agromex Quality Policy&#8221; use_theme_fonts=&#8221;yes&#8221; el_class=&#8221;h3 d-md-none&#8221;][vc_single_image image=&#8221;343&#8243; img_size=&#8221;full&#8221;][\/vc_column][vc_column width=&#8221;1\/2&#8243; el_class=&#8221;page-section-divider page-section-divider__full-height&#8221;][vc_custom_heading text=&#8221;Agromex Quality Policy&#8221; use_theme_fonts=&#8221;yes&#8221; el_class=&#8221;h3 d-none d-md-block&#8221;][vc_column_text]<\/p>\n<ul>\n<li>The primary goal is not only to meet current and future customer needs, but also to exceed them. Interactions with customers are intended not only to build trust, but also to have a measurable impact on the quality of services provided.<\/li>\n<li>A manager should be a role model for his team, and his attitude should inspire and motivate others to act.<\/li>\n<li>Employees are the organization&#8217;s greatest asset, so it is important that they are consciously involved in the quality management process.<\/li>\n<li>The organization&#8217;s activities should be based on a process approach, i.e. planning, implementation, monitoring and improvement of processes.<\/li>\n<li>The principle of continuous improvement consists in constantly striving to improve processes and products by systematically introducing improvements.<\/li>\n<li>The principle of fact-based decision-making is the approach of basing decisions on objective, reliable and documented information. This means that decisions are made based on available data, analyzes and reports, and not on the basis of intuition, emotions or prejudices.<\/li>\n<li>The principle of relationship management is an approach that focuses on building, maintaining and developing lasting and beneficial relationships with customers, business partners, employees and the local community.<\/li>\n<\/ul>\n<p><strong><a href=\"#\" target=\"_blank\" rel=\"noopener\">Click here<\/a><\/strong> to view the Agromex Quality Policy document.[\/vc_column_text][\/vc_column][\/vc_row]<\/p>\n<\/div>","protected":false},"excerpt":{"rendered":"<p>[vc_row el_class=&#8221;page-section grid-gap-120&#8243;][vc_column width=&#8221;1\/2&#8243; el_class=&#8221;position-sticky&#8221;][vc_custom_heading text=&#8221;Compliance with the ISO 9001:2015 standard&#8221; use_theme_fonts=&#8221;yes&#8221; el_class=&#8221;h3 d-md-none&#8221;][vc_single_image image=&#8221;344&#8243; img_size=&#8221;full&#8221;][\/vc_column][vc_column width=&#8221;1\/2&#8243; el_class=&#8221;page-section-divider&#8221;][vc_custom_heading text=&#8221;Compliance with&#8230;<\/p>\n<p><a class=\"btn btn-secondary understrap-read-more-link\" href=\"https:\/\/agromex.pl\/en\/quality-management\/\">Read More<span class=\"screen-reader-text\"> from Quality management<\/span><\/a><\/p>\n","protected":false},"author":1,"featured_media":0,"parent":0,"menu_order":0,"comment_status":"closed","ping_status":"closed","template":"","meta":{"inline_featured_image":false,"_monsterinsights_skip_tracking":false,"_monsterinsights_sitenote_active":false,"_monsterinsights_sitenote_note":"","_monsterinsights_sitenote_category":0,"footnotes":""},"class_list":["post-249","page","type-page","status-publish","hentry"],"translation":{"provider":"WPGlobus","version":"3.0.0","language":"en","enabled_languages":["pl","en"],"languages":{"pl":{"title":true,"content":true,"excerpt":false},"en":{"title":true,"content":true,"excerpt":false}}},"yoast_head":"<!-- This site is optimized with the Yoast SEO plugin v23.9 - https:\/\/yoast.com\/wordpress\/plugins\/seo\/ -->\n<title>Quality management - Agromex<\/title>\n<meta name=\"robots\" content=\"index, follow, max-snippet:-1, max-image-preview:large, max-video-preview:-1\" \/>\n<link rel=\"canonical\" href=\"https:\/\/agromex.pl\/zarzadzanie-jakoscia\/\" \/>\n<meta property=\"og:locale\" content=\"en_US\" \/>\n<meta property=\"og:type\" content=\"article\" \/>\n<meta property=\"og:title\" content=\"Quality management - Agromex\" \/>\n<meta property=\"og:url\" content=\"https:\/\/agromex.pl\/zarzadzanie-jakoscia\/\" \/>\n<meta property=\"og:site_name\" content=\"Agromex\" \/>\n<meta property=\"article:modified_time\" content=\"2023-11-17T13:45:14+00:00\" \/>\n<meta name=\"twitter:card\" content=\"summary_large_image\" \/>\n<meta name=\"twitter:label1\" content=\"Est. reading time\" \/>\n\t<meta name=\"twitter:data1\" content=\"3 minutes\" \/>\n<script type=\"application\/ld+json\" class=\"yoast-schema-graph\">{\"@context\":\"https:\/\/schema.org\",\"@graph\":[{\"@type\":\"WebPage\",\"@id\":\"https:\/\/agromex.pl\/zarzadzanie-jakoscia\/\",\"url\":\"https:\/\/agromex.pl\/zarzadzanie-jakoscia\/\",\"name\":\"Quality management - Agromex\",\"isPartOf\":{\"@id\":\"https:\/\/agromex.pl\/#website\"},\"datePublished\":\"2023-10-04T14:05:27+00:00\",\"dateModified\":\"2023-11-17T13:45:14+00:00\",\"breadcrumb\":{\"@id\":\"https:\/\/agromex.pl\/zarzadzanie-jakoscia\/#breadcrumb\"},\"inLanguage\":\"en-US\",\"potentialAction\":[{\"@type\":\"ReadAction\",\"target\":[\"https:\/\/agromex.pl\/zarzadzanie-jakoscia\/\"]}]},{\"@type\":\"BreadcrumbList\",\"@id\":\"https:\/\/agromex.pl\/zarzadzanie-jakoscia\/#breadcrumb\",\"itemListElement\":[{\"@type\":\"ListItem\",\"position\":1,\"name\":\"Homepage\",\"item\":\"https:\/\/agromex.pl\/\"},{\"@type\":\"ListItem\",\"position\":2,\"name\":\"Zarz\u0105dzanie jako\u015bci\u0105\"}]},{\"@type\":\"WebSite\",\"@id\":\"https:\/\/agromex.pl\/#website\",\"url\":\"https:\/\/agromex.pl\/\",\"name\":\"Agromex\",\"description\":\"\",\"potentialAction\":[{\"@type\":\"SearchAction\",\"target\":{\"@type\":\"EntryPoint\",\"urlTemplate\":\"https:\/\/agromex.pl\/?s={search_term_string}\"},\"query-input\":{\"@type\":\"PropertyValueSpecification\",\"valueRequired\":true,\"valueName\":\"search_term_string\"}}],\"inLanguage\":\"en-US\"}]}<\/script>\n<!-- \/ Yoast SEO plugin. -->","yoast_head_json":{"title":"Quality management - Agromex","robots":{"index":"index","follow":"follow","max-snippet":"max-snippet:-1","max-image-preview":"max-image-preview:large","max-video-preview":"max-video-preview:-1"},"canonical":"https:\/\/agromex.pl\/zarzadzanie-jakoscia\/","og_locale":"en_US","og_type":"article","og_title":"Quality management - Agromex","og_url":"https:\/\/agromex.pl\/zarzadzanie-jakoscia\/","og_site_name":"Agromex","article_modified_time":"2023-11-17T13:45:14+00:00","twitter_card":"summary_large_image","twitter_misc":{"Est. reading time":"3 minutes"},"schema":{"@context":"https:\/\/schema.org","@graph":[{"@type":"WebPage","@id":"https:\/\/agromex.pl\/zarzadzanie-jakoscia\/","url":"https:\/\/agromex.pl\/zarzadzanie-jakoscia\/","name":"Quality management - Agromex","isPartOf":{"@id":"https:\/\/agromex.pl\/#website"},"datePublished":"2023-10-04T14:05:27+00:00","dateModified":"2023-11-17T13:45:14+00:00","breadcrumb":{"@id":"https:\/\/agromex.pl\/zarzadzanie-jakoscia\/#breadcrumb"},"inLanguage":"en-US","potentialAction":[{"@type":"ReadAction","target":["https:\/\/agromex.pl\/zarzadzanie-jakoscia\/"]}]},{"@type":"BreadcrumbList","@id":"https:\/\/agromex.pl\/zarzadzanie-jakoscia\/#breadcrumb","itemListElement":[{"@type":"ListItem","position":1,"name":"Homepage","item":"https:\/\/agromex.pl\/"},{"@type":"ListItem","position":2,"name":"Zarz\u0105dzanie jako\u015bci\u0105"}]},{"@type":"WebSite","@id":"https:\/\/agromex.pl\/#website","url":"https:\/\/agromex.pl\/","name":"Agromex","description":"","potentialAction":[{"@type":"SearchAction","target":{"@type":"EntryPoint","urlTemplate":"https:\/\/agromex.pl\/?s={search_term_string}"},"query-input":{"@type":"PropertyValueSpecification","valueRequired":true,"valueName":"search_term_string"}}],"inLanguage":"en-US"}]}},"_links":{"self":[{"href":"https:\/\/agromex.pl\/en\/wp-json\/wp\/v2\/pages\/249","targetHints":{"allow":["GET"]}}],"collection":[{"href":"https:\/\/agromex.pl\/en\/wp-json\/wp\/v2\/pages"}],"about":[{"href":"https:\/\/agromex.pl\/en\/wp-json\/wp\/v2\/types\/page"}],"author":[{"embeddable":true,"href":"https:\/\/agromex.pl\/en\/wp-json\/wp\/v2\/users\/1"}],"replies":[{"embeddable":true,"href":"https:\/\/agromex.pl\/en\/wp-json\/wp\/v2\/comments?post=249"}],"version-history":[{"count":29,"href":"https:\/\/agromex.pl\/en\/wp-json\/wp\/v2\/pages\/249\/revisions"}],"predecessor-version":[{"id":592,"href":"https:\/\/agromex.pl\/en\/wp-json\/wp\/v2\/pages\/249\/revisions\/592"}],"wp:attachment":[{"href":"https:\/\/agromex.pl\/en\/wp-json\/wp\/v2\/media?parent=249"}],"curies":[{"name":"wp","href":"https:\/\/api.w.org\/{rel}","templated":true}]}}